{"id":1784,"date":"2024-11-05T10:33:55","date_gmt":"2024-11-05T09:33:55","guid":{"rendered":"https:\/\/www.cipf.es\/cookie-policy\/"},"modified":"2025-11-03T20:25:45","modified_gmt":"2025-11-03T19:25:45","slug":"politica-de-cookies","status":"publish","type":"page","link":"https:\/\/www.cipf.es\/es\/politica-de-cookies\/","title":{"rendered":"Pol\u00edtica de cookies"},"content":{"rendered":"<h6><strong>\u00bfQui\u00e9n es el editor de este sitio web?<\/strong><\/h6>\n<p>El editor, titular y propietario de este sitio web es la Fundaci\u00f3n de la Comunidad Valenciana Centro de Investigaci\u00f3n Pr\u00edncipe Felipe (en adelante CIPF). cuyos datos de contacto puede consultar en el aviso legal del sitio.<\/p>\n<h6><strong>\u00bfQu\u00e9 objeto tiene esta pol\u00edtica?<\/strong><\/h6>\n<p>Informar a la persona usuaria sobre el uso en este sitio web www.cipf.es (en adelante Sitio web o Sitio) de las cookies y\/o tecnolog\u00edas similares de almacenamiento y recuperaci\u00f3n de datos (dard) que tiene el Sitio.<\/p>\n<h6><strong>\u00bfQu\u00e9 son las cookies?<\/strong><\/h6>\n<p>Las cookies y dispositivos de almacenamiento y recuperaci\u00f3n de datos (dard) (en adelante todos identificados como cookies) son ficheros o archivos de texto que un servidor web descarga y almacena en el ordenador\/smartphone\/tablet (en adelante equipo) de un usuario al acceder a determinadas p\u00e1ginas web para almacenar y recuperar informaci\u00f3n sobre la navegaci\u00f3n que realiza el usuario desde dicho equipo. Por ello las cookies pueden almacenar informaci\u00f3n sobre el equipo de un usuario o sobre sus sesiones de navegaci\u00f3n de los sitios web que ha visitado.<\/p>\n<p>Hay muchos tipos de cookies. Las cookies se descargan a trav\u00e9s del navegador de Internet de un usuario la primera vez que visita este sitio web (en adelante tambi\u00e9n Sitio). La siguiente vez que lo hace desde el mismo dispositivo, la cookie y la informaci\u00f3n almacenada en ella se env\u00eda de vuelta al Sitio que la gener\u00f3 (cookie propia) o a un sitio web distinto al que pertenece (cookie de terceros).<\/p>\n<p>Estos terceros fuera de nuestro sitio web instalan las cookies cuando el usuario se conecta a sus p\u00e1ginas y visita nuestro Sitio. Nosotros no tenemos control ninguno sobre las cookies de estos sitios web. El usuario deber\u00e1 visitar las pol\u00edticas de los sitios web de estos terceros proveedores de cookies, para obtener informaci\u00f3n sobre c\u00f3mo usan las cookies.<\/p>\n<p>Las cookies propias y de terceros permiten al sitio web reconocer si el usuario ya ha accedido al Sitio a trav\u00e9s de un navegador y, recoger una serie de datos que posteriormente son utilizados son distintos fines en funci\u00f3n del tipo de cookie.<\/p>\n<h6><strong>\u00bfQu\u00e9 cookies utilizamos en este sitio web, con qu\u00e9 finalidad y qu\u00e9 tipo de datos se recogen?<\/strong><\/h6>\n<p>Este sitio web utiliza distintos tipos de cookies.<\/p>\n<p>Por un lado, cookies estrictamente necesarias: estas cookies aseguran funciones sin las cuales el usuario no podr\u00eda utilizar este Sitio. Estas cookies se encargan de llevar a cabo la transmisi\u00f3n de la comunicaci\u00f3n a trav\u00e9s de Internet y prestar al usuario el servicio solicitado expl\u00edcitamente por \u00e9l. El uso de cookies estrictamente necesarias para los fines descritos anteriormente se basa en el inter\u00e9s leg\u00edtimo de CIPF para garantizar el funcionamiento t\u00e9cnico correcto, el acceso al Sitio y su uso, y la prestaci\u00f3n del servicio que en su caso solicite el usuario. Si el usuario desactiva estas cookies, CIPF no podr\u00e1 prestarte el servicio solicitado expresamente.<\/p>\n<p><strong>Otro tipo de cookies<\/strong>: Adem\u00e1s de estas cookies, a continuaci\u00f3n el usuario puede ver otras cookies que utiliza el sitio web CIPF as\u00ed como una descripci\u00f3n de la finalidad, si es propia o de terceros, datos que recoge, si conlleva la elaboraci\u00f3n de perfiles y la existencia o no de transferencias internacionales con los datos tratados por las cookies.<\/p>\n<p><strong>Cookies propias<\/strong>: Son aquellas que se env\u00edan a tu equipo desde nuestros propios equipos o dominios y desde el que prestamos el servicio que nos solicitas.<\/p>\n<p><strong>Cookies de terceros<\/strong>: Son aquellas que se env\u00edan a tu equipo desde un equipo o dominio que no es gestionado por nosotros, sino por otra entidad colaboradora. Como por ejemplo, las usadas por redes sociales, o por contenido externo como Google Maps.<\/p>\n<p><strong>Cookies de sesi\u00f3n<\/strong>: Son cookies temporales que permanecen en el archivo de cookies de tu navegador hasta que abandonas la p\u00e1gina web, por lo que ninguna queda registrada en el disco duro de tu ordenador. La informaci\u00f3n obtenida por medio de estas cookies, sirven para analizar pautas de tr\u00e1fico en la web. A la larga, esto nos permite proporcionar una mejor experiencia para mejorar el contenido y facilitar su uso.<\/p>\n<p><strong>Cookies persistentes<\/strong>: Son almacenadas en el disco duro y nuestra web las lee cada vez que realizas una nueva visita. Una web permanente posee una fecha de expiraci\u00f3n determinada. La cookie dejar\u00e1 de funcionar despu\u00e9s de esa fecha. Estas cookies las utilizamos, generalmente, para facilitar los servicios registro.<\/p>\n<p><strong>Cookies de rendimiento<\/strong>: permiten contar las visitas y fuentes de tr\u00e1fico para poder evaluar el rendimiento de nuestro sitio y mejorarlo. Ayudan a saber qu\u00e9 p\u00e1ginas son las m\u00e1s o las menos visitadas, y c\u00f3mo los visitantes navegan por el sitio. Toda la informaci\u00f3n que recogen estas cookies es agregada y, por lo tanto, es an\u00f3nima. Si no permite utilizar estas cookies, no sabremos cu\u00e1ndo visit\u00f3 nuestro sitio y no podremos evaluar si funcion\u00f3 correctamente.<\/p>\n<h6><strong>IDENTIFICACI\u00d3N DE LAS COOKIES UTILIZADAS<\/strong><\/h6>\n<div class=\"elementor-element elementor-element-28ab69d elementor-widget elementor-widget-shortcode\" data-id=\"28ab69d\" data-element_type=\"widget\" data-widget_type=\"shortcode.default\">\n<div class=\"elementor-widget-container\">\n<div class=\"elementor-shortcode\">\n<div id=\"tablepress-4_wrapper\" class=\"dt-container dt-empty-footer\">\n<div class=\"dt-layout-row dt-layout-table\">\n<div class=\"dt-layout-cell dt-layout-full\">\n<table id=\"tablepress-4\" class=\"tablepress tablepress-id-4 dataTable\">\n<colgroup>\n<col data-dt-column=\"0\" \/>\n<col data-dt-column=\"1\" \/>\n<col data-dt-column=\"2\" \/>\n<col data-dt-column=\"3\" \/><\/colgroup>\n<thead>\n<tr class=\"row-1\">\n<th class=\"column-1 dt-orderable-none\" colspan=\"1\" rowspan=\"1\" data-dt-column=\"0\"><span class=\"dt-column-title\">NOMBRE<\/span><\/th>\n<th class=\"column-2 dt-orderable-none\" colspan=\"1\" rowspan=\"1\" data-dt-column=\"1\"><span class=\"dt-column-title\">CADUCIDAD<\/span><\/th>\n<th class=\"column-3 dt-orderable-none\" colspan=\"1\" rowspan=\"1\" data-dt-column=\"2\"><span class=\"dt-column-title\">PROPIA\/TERCEROS<\/span><\/th>\n<th class=\"column-4 dt-orderable-none\" colspan=\"1\" rowspan=\"1\" data-dt-column=\"3\"><span class=\"dt-column-title\">FUNCIONALIDAD<\/span><\/th>\n<\/tr>\n<\/thead>\n<tbody class=\"row-striping row-hover\">\n<tr class=\"row-2\">\n<td class=\"column-1\">CIPF_cookie<\/td>\n<td class=\"column-2\">Persistente<\/td>\n<td class=\"column-3\">Propia<\/td>\n<td class=\"column-4\">En esta cookie se guarda la aceptaci\u00f3n sobre nuestra pol\u00edtica de cookies.<\/td>\n<\/tr>\n<tr class=\"row-3\">\n<td class=\"column-1\">COMPANY_ID<\/td>\n<td class=\"column-2\">Sesi\u00f3n<\/td>\n<td class=\"column-3\">Propia<\/td>\n<td class=\"column-4\">Identificador de la comunidad por defecto de la persona usuaria logada. S\u00f3lo si est\u00e1 logueada en la web.<\/td>\n<\/tr>\n<tr class=\"row-4\">\n<td class=\"column-1\">COOKIE_SUPPORT<\/td>\n<td class=\"column-2\">Persistente<\/td>\n<td class=\"column-3\">Propia<\/td>\n<td class=\"column-4\">Esta cookie guarda si tu navegador permite las cookies.<\/td>\n<\/tr>\n<tr class=\"row-5\">\n<td class=\"column-1\">GUEST_LANGUAGE_ID<\/td>\n<td class=\"column-2\">Persistente<\/td>\n<td class=\"column-3\">Propia<\/td>\n<td class=\"column-4\">Cookie utilizada para guardar el idioma predeterminado de la persona usuaria.<\/td>\n<\/tr>\n<tr class=\"row-6\">\n<td class=\"column-1\">ID<\/td>\n<td class=\"column-2\">Sesi\u00f3n<\/td>\n<td class=\"column-3\">Propia<\/td>\n<td class=\"column-4\">C\u00f3digo hash del Identificador de la persona usuaria logada. S\u00f3lo si est\u00e1 logueada en la web.<\/td>\n<\/tr>\n<tr class=\"row-7\">\n<td class=\"column-1\">JSESSIONID<\/td>\n<td class=\"column-2\">Sesi\u00f3n<\/td>\n<td class=\"column-3\">Propia<\/td>\n<td class=\"column-4\">Cookie de sesi\u00f3n utilizada para guardar el tipo de sesi\u00f3n de la persona usuaria. Las cookies de sesi\u00f3n s\u00f3lo existen durante tu visita a nuestro sitio web. La visita se termina cuando la ventana del navegador o el navegador se cierra.<\/td>\n<\/tr>\n<tr class=\"row-8\">\n<td class=\"column-1\">LFR_SESSION_STATE<\/td>\n<td class=\"column-2\">Sesi\u00f3n<\/td>\n<td class=\"column-3\">Propia<\/td>\n<td class=\"column-4\">Estado de la navegaci\u00f3n para permitir el uso del bot\u00f3n adelante\/atr\u00e1s del navegador.<\/td>\n<\/tr>\n<tr class=\"row-9\">\n<td class=\"column-1\">LOGIN<\/td>\n<td class=\"column-2\">Persistente<\/td>\n<td class=\"column-3\">Propia<\/td>\n<td class=\"column-4\">C\u00f3digo hash del c\u00f3digo de la persona usuaria logada. S\u00f3lo si est\u00e1 logueada en la web.<\/td>\n<\/tr>\n<tr class=\"row-10\">\n<td class=\"column-1\">PASSWORD<\/td>\n<td class=\"column-2\">Sesi\u00f3n<\/td>\n<td class=\"column-3\">Propia<\/td>\n<td class=\"column-4\">C\u00f3digo hash de la clave de la persona usuaria logada. S\u00f3lo si est\u00e1 logueada en la web.<\/td>\n<\/tr>\n<tr class=\"row-11\">\n<td class=\"column-1\">SCREEN_NAME<\/td>\n<td class=\"column-2\">Persistente<\/td>\n<td class=\"column-3\">Propia<\/td>\n<td class=\"column-4\">C\u00f3digo hash del nombre de la persona usuaria logada. S\u00f3lo si est\u00e1 logueada en la web.<\/td>\n<\/tr>\n<tr class=\"row-12\">\n<td class=\"column-1\">_ga<\/td>\n<td class=\"column-2\">Persistente<\/td>\n<td class=\"column-3\">Terceros\/Rendimiento<\/td>\n<td class=\"column-4\">Cookie usada por Google Analythics. Usada para distinguir usuarios.<\/td>\n<\/tr>\n<tr class=\"row-13\">\n<td class=\"column-1\">_gat<\/td>\n<td class=\"column-2\">Persistente<\/td>\n<td class=\"column-3\">Terceros\/Rendimiento<\/td>\n<td class=\"column-4\">Cookie usada por Google Analythics. Se usa para limitar el porcentaje de solicitudes.<\/td>\n<\/tr>\n<tr class=\"row-14\">\n<td class=\"column-1\">_gid<\/td>\n<td class=\"column-2\">Persistente<\/td>\n<td class=\"column-3\">Terceros\/Rendimiento<\/td>\n<td class=\"column-4\">Cookie usada por Google Analythics.<\/td>\n<\/tr>\n<\/tbody>\n<tfoot><\/tfoot>\n<\/table>\n<\/div>\n<\/div>\n<div class=\"dt-layout-row\"><\/div>\n<\/div>\n<\/div>\n<\/div>\n<\/div>\n<p>CIPF no es en ning\u00fan caso responsable del contenido y veracidad de las pol\u00edticas y condiciones de uso y privacidad de los terceros, incluidas en estas condiciones a trav\u00e9s de los enlaces y links publicados en esta pol\u00edtica.<\/p>\n<p>En todo caso y en relaci\u00f3n con las cookies, el usuario puede configurar las opciones del navegador instalado en su equipo para permitir o desactivar el almacenamiento de las cookies, o configurar su eliminaci\u00f3n. Para ello, el usuario debe visitar o acceder a los sitios de cada proveedor que se indican en el cuadro anterior.<\/p>\n<p>El usuario debe saber que la desactivaci\u00f3n o eliminaci\u00f3n de la instalaci\u00f3n y uso de cookies en este Sitio puede tener las siguientes consecuencias:<\/p>\n<ul>\n<li>En caso de usar servicios que requieran validaci\u00f3n de usuario, estos no funcionar\u00e1n de forma adecuada.<\/li>\n<li>No ser\u00e1 operativa la compartici\u00f3n de contenido de la web en redes sociales.<\/li>\n<\/ul>\n<h6><strong>\u00bfQui\u00e9nes utilizamos cookies en este sitio web?<\/strong><\/h6>\n<p>En este sitio web utiliza cookies tanto la Fundaci\u00f3n de la Comunidad Valenciana Centro de Investigaci\u00f3n Pr\u00edncipe Felipe (en adelante CIPF) como editor y titular del mismo como Google, estas \u00faltimas son cookies de rendimiento que explicaremos m\u00e1s adelante.<\/p>\n<h6><strong>\u00bfC\u00f3mo se aceptan, se rechazan, se revoca el consentimiento otorgado o se limitan las cookies de este Sitio web?<\/strong><\/h6>\n<p>Mediante las diferentes opciones incluidas en el aviso del uso de cookies que se visualiza al acceder por primera vez a este Sitio web, las personas usuarias pueden ACEPTAR en bloque o RECHAZAR en bloque el uso de las cookies en este Sitio o CONFIGURAR selectivamente unas y otras.<\/p>\n<p>As\u00ed, la persona usuaria puede:<\/p>\n<ul>\n<li>ACEPTAR TODAS LAS COOKIES consintiendo su uso: para o cual debe pulsar en el bot\u00f3n ACEPTAR COOKIES.<\/li>\n<\/ul>\n<p>Con la aceptaci\u00f3n del uso de cookies, la persona usuaria estar\u00e1 consintiendo el uso de todas las cookies propias y de terceros, as\u00ed como las transferencias internacionales de datos a terceros pa\u00edses cuando los terceros propietarios de las cookies est\u00e9n ubicados fuera de la Uni\u00f3n Europea.<\/p>\n<p>Puede consultar la informaci\u00f3n sobre las transferencias en el apartado siguiente.<\/p>\n<ul>\n<li>RECHAZAR TODAS LAS COOKIES: se debe pulsar en el bot\u00f3n RECHAZAR COOKIES.<\/li>\n<li>CONFIGURAR LAS COOKIES: se debe pulsar en el bot\u00f3n CONFIGURAR COOKIES y la persona usuaria podr\u00e1 seleccionar si acepta la instalaci\u00f3n de todas o algunas de las cookies no exceptuadas (y con ello se entender\u00e1 prestado su consentimiento a la instalaci\u00f3n de aquellas cookies que acepte mediante su selecci\u00f3n) as\u00ed como rechazar aquellas cookies cuya instalaci\u00f3n no autoriza ni consiente. Las cookies necesarias no se pueden rechazar.<\/li>\n<\/ul>\n<p>En funci\u00f3n de la configuraci\u00f3n que la persona usuaria lleve a cabo, podr\u00e1 estar aceptando el uso de cookies tanto propias como de terceros y en este \u00faltimo caso, las transferencias internacionales de datos a terceros pa\u00edses cuando los terceros propietarios de las cookies est\u00e9n ubicados fuera de la Uni\u00f3n Europea.<\/p>\n<p>Puede consultar la informaci\u00f3n sobre las transferencias en el apartado siguiente.<\/p>\n<ul>\n<li>REVOCAR el consentimiento otorgado para la instalaci\u00f3n y uso de cookies: se deben eliminar las cookies c\u00f3mo se indica a continuaci\u00f3n.<\/li>\n<\/ul>\n<p>Para eliminar las cookies: a trav\u00e9s de la configuraci\u00f3n del navegador y seg\u00fan cada tipo de navegador, mediante la siguiente informaci\u00f3n:<\/p>\n<ul>\n<li><a href=\"https:\/\/support.google.com\/chrome\/answer\/95647?hl=es\" target=\"_blank\" rel=\"noopener\">Google Chrome<\/a><\/li>\n<li><a href=\"https:\/\/support.mozilla.org\/es\/kb\/habilitar-y-deshabilitar-cookies-sitios-web-rastrear-preferencias?redirectlocale=es&amp;redirectslug=habilitar-y-deshabilitar-cookies-que-los-sitios-we\" target=\"_blank\" rel=\"noopener\">Mozilla Firefox<\/a><\/li>\n<li><a href=\"https:\/\/support.microsoft.com\/es-es\/help\/17442\/windows-internet-explorer-delete-manage-cookies\" target=\"_blank\" rel=\"noopener\">Microsoft Edge<\/a><\/li>\n<li><a href=\"https:\/\/support.apple.com\/kb\/PH21411?viewlocale=es_ES&amp;locale=es_ES\" target=\"_blank\" rel=\"noopener\">Safari<\/a><\/li>\n<li><a href=\"https:\/\/support.apple.com\/es-es\/HT201265\" target=\"_blank\" rel=\"noopener\">Safari para IOS (iPhone y iPad)<\/a><\/li>\n<li><a href=\"https:\/\/support.google.com\/chrome\/answer\/114662?hl=es&amp;visit_id=0-636312177004816358-3306754604&amp;rd=1\" target=\"_blank\" rel=\"noopener\">Chrome para Android<\/a><\/li>\n<\/ul>\n<p>Si la persona usuaria ha aceptado en alg\u00fan momento las cookies de terceros, deber\u00e1 eliminarlas desde las opciones del navegador tal como se ha indicado o desde el sistema ofrecido por cada tercero.<\/p>\n<p>Se informa a la persona usuaria de que existen herramientas online para eliminar todas las cookies instaladas por los sitios web que visita, como <a href=\"http:\/\/www.allaboutcookies.org\/es\" target=\"_blank\" rel=\"noopener\">http:\/\/www.allaboutcookies.org\/es<\/a>.<\/p>\n<p>Si la persona usuaria visita este Sitio desde distintos equipos, ser\u00e1 necesario repetir la modificaci\u00f3n de la configuraci\u00f3n que la persona usuaria desee, en cada uno de los equipos.<\/p>\n<p>Adem\u00e1s, como ya se ha indicado anteriormente, es posible que con la desactivaci\u00f3n o eliminaci\u00f3n de la instalaci\u00f3n y uso de cookies en este Sitio puede tener las siguientes consecuencias :<\/p>\n<ul>\n<li>En caso de usar servicios que requieran validaci\u00f3n de usuario, \u00e9stos no funcionar\u00e1n de forma adecuada.<\/li>\n<li>No ser\u00e1 operativa la compartici\u00f3n de contenido de la web en redes sociales.<\/li>\n<\/ul>\n<h6><strong>\u00bfDesde este Sitio web se realizan transferencias internacionales de datos a terceros pa\u00edses fuera de la Uni\u00f3n Europea?<\/strong><\/h6>\n<p>No. En este sitio solo se utilizan cookies de terceros ubicados en el territorio de la Uni\u00f3n Europea.<\/p>\n<h6><strong>\u00bfElaboramos perfiles con las cookies que se recogen a trav\u00e9s de este sitio web para la toma de decisiones automatizadas con efectos jur\u00eddicos para la persona usuaria o que le afecten significativamente de modo similar?<\/strong><\/h6>\n<p>No. En este Sitio no se utilizan cookies para elaborar perfiles que impliquen la toma de decisiones automatizadas con efectos jur\u00eddicos para la persona usuaria o que le afecten significativamente de modo similar.<\/p>\n<h6><strong>\u00bfDurante cu\u00e1nto tiempo conservamos las cookies?<\/strong><\/h6>\n<p>Las cookies ser\u00e1n utilizadas \u00fanica y exclusivamente durante el tiempo necesario para cumplir con las finalidades para las cuales se ha indicado en cada cookie. Por todo lo anterior, el responsable de la p\u00e1gina web ha adaptado en relaci\u00f3n a sus cookies propias los plazos de conservaci\u00f3n de la informaci\u00f3n que podr\u00e1n consultarse en el navegador.<\/p>\n<p>En relaci\u00f3n a las cookies de terceros, los plazos de conservaci\u00f3n podr\u00e1n ser consultados en las Pol\u00edticas de privacidad de los enlaces expuestos en el apartado Cookies de terceros.<\/p>\n<p>Una vez caducada la cookie podr\u00e1 ser renovada si la persona usuaria vuelve a aceptar su utilizaci\u00f3n.<\/p>\n<h6><strong>Otra informaci\u00f3n no espec\u00edfica de cookies de acuerdo con el art\u00edculo 13 del Reglamento General de Protecci\u00f3n de Datos (RGPD).<\/strong><\/h6>\n<p>Para conocer el resto de informaci\u00f3n exigida por la normativa sobre protecci\u00f3n de datos que no se refiera, de forma espec\u00edfica, a las cookies utilizadas en este Sitio web (por ejemplo, derechos de protecci\u00f3n de datos) la persona usuaria puede consultar la informaci\u00f3n detallada en nuestra Pol\u00edtica de privacidad.<\/p>\n<h6><strong>Actualizaci\u00f3n<\/strong><\/h6>\n<p>CIPF pueden actualizar estas condiciones y pol\u00edtica de cookies. Cualquier modificaci\u00f3n de estas condiciones ser\u00e1 publicada en este sitio web. A partir del momento en que pongamos a disposici\u00f3n del usuario las nuevas condiciones mediante su publicaci\u00f3n en nuestro sitio web, estas nuevas condiciones ser\u00e1n de aplicaci\u00f3n sustituyendo a las anteriormente publicadas. Es responsabilidad del usuario acceder peri\u00f3dicamente a estas condiciones publicadas en nuestro sitio web a fin de conocer en todo momento la \u00faltima versi\u00f3n.<\/p>\n<h6><strong>Legislaci\u00f3n y jurisdicci\u00f3n aplicable<\/strong><\/h6>\n<p>Estas condiciones generales se rigen por la legislaci\u00f3n espa\u00f1ola y para cualquier litigio que pueda derivarse de su interpretaci\u00f3n y\/o aplicaci\u00f3n, el usuario renuncia a su fuero propio para someterte a los Juzgados y Tribunales de Valencia capital.<\/p>\n","protected":false},"excerpt":{"rendered":"<p>\u00bfQui\u00e9n es el editor de este sitio web? El editor, titular y propietario de este sitio web es la Fundaci\u00f3n de la Comunidad Valenciana Centro de Investigaci\u00f3n Pr\u00edncipe Felipe (en adelante CIPF). cuyos datos de contacto puede consultar en el aviso legal del sitio. \u00bfQu\u00e9 objeto tiene esta pol\u00edtica? Informar a la persona usuaria sobre &hellip; <a href=\"https:\/\/www.cipf.es\/es\/politica-de-cookies\/\">Ver m\u00e1s<\/a><\/p>\n","protected":false},"author":1,"featured_media":0,"parent":0,"menu_order":56,"comment_status":"closed","ping_status":"closed","template":"","meta":{"_acf_changed":false,"inline_featured_image":false,"footnotes":""},"class_list":["post-1784","page","type-page","status-publish","hentry"],"acf":[],"_links":{"self":[{"href":"https:\/\/www.cipf.es\/es\/wp-json\/wp\/v2\/pages\/1784","targetHints":{"allow":["GET"]}}],"collection":[{"href":"https:\/\/www.cipf.es\/es\/wp-json\/wp\/v2\/pages"}],"about":[{"href":"https:\/\/www.cipf.es\/es\/wp-json\/wp\/v2\/types\/page"}],"author":[{"embeddable":true,"href":"https:\/\/www.cipf.es\/es\/wp-json\/wp\/v2\/users\/1"}],"replies":[{"embeddable":true,"href":"https:\/\/www.cipf.es\/es\/wp-json\/wp\/v2\/comments?post=1784"}],"version-history":[{"count":4,"href":"https:\/\/www.cipf.es\/es\/wp-json\/wp\/v2\/pages\/1784\/revisions"}],"predecessor-version":[{"id":3270,"href":"https:\/\/www.cipf.es\/es\/wp-json\/wp\/v2\/pages\/1784\/revisions\/3270"}],"wp:attachment":[{"href":"https:\/\/www.cipf.es\/es\/wp-json\/wp\/v2\/media?parent=1784"}],"curies":[{"name":"wp","href":"https:\/\/api.w.org\/{rel}","templated":true}]}}