{"id":1786,"date":"2024-11-05T10:34:25","date_gmt":"2024-11-05T09:34:25","guid":{"rendered":"https:\/\/www.cipf.es\/privacy-policy\/"},"modified":"2025-11-03T20:25:15","modified_gmt":"2025-11-03T19:25:15","slug":"politica-de-privacidad","status":"publish","type":"page","link":"https:\/\/www.cipf.es\/es\/politica-de-privacidad\/","title":{"rendered":"Pol\u00edtica de privacidad"},"content":{"rendered":"<h6><strong>Objeto de la Pol\u00edtica de Privacidad<\/strong><\/h6>\n<p>En cumplimiento de la legislaci\u00f3n vigente en materia de protecci\u00f3n de datos de car\u00e1cter personal, es objeto de esta pol\u00edtica poner en conocimiento de las personas usuarias de este sitio web <a href=\"http:\/\/www.cipf.es\" target=\"_blank\" rel=\"noopener\">www.cipf.es<\/a> (en adelante sitio web o sitio), la pol\u00edtica respecto del tratamiento y protecci\u00f3n de los datos de car\u00e1cter personal de aquellas personas que suministren sus datos personales por el uso personalizado de los servicios de este sitio web o cualquier otro acto que suponga una comunicaci\u00f3n de sus datos personales a la Fundaci\u00f3n de la Comunidad Valenciana Centro de Investigaci\u00f3n Pr\u00edncipe Felipe (en adelante CIPF).<\/p>\n<p>CIPF informa a la persona usuaria de este sitio web que en esta Pol\u00edtica de Privacidad se contiene una descripci\u00f3n general de los aspectos relacionados con el tratamiento de datos personales que CIPF lleva a cabo derivado de la explotaci\u00f3n de este sitio de CIPF.<\/p>\n<p>Esta pol\u00edtica se completa y es de aplicaci\u00f3n subsidiaria con aquellos textos informativos y de petici\u00f3n de consentimiento informado que se incorporen a cualquier formulario de petici\u00f3n de datos de este sitio web o se incluyan en cualesquiera condiciones particulares que se pudieran publicar para uso de determinados servicios.<\/p>\n<p>Es responsabilidad de la persona usuaria leer de forma previa a comunicar sus datos personales a CIPF los citados textos informativos y textos de petici\u00f3n de consentimiento incluidos en cualquier formulario u otro medio de petici\u00f3n de datos de este sitio web.<\/p>\n<p>Esta pol\u00edtica es aceptada expresa y plenamente por la persona usuaria desde el momento en que para el uso de este sitio web o de los servicios publicados en los mismos, comunique a CIPF sus datos personales dado que dicha comunicaci\u00f3n siempre es voluntaria.<\/p>\n<p>En caso en que la persona usuaria no est\u00e9 conforme con esta pol\u00edtica no deber\u00e1 utilizar ning\u00fan servicio de este sitio web que requiera la comunicaci\u00f3n de sus datos personales a CIPF. En tal caso, la persona usuaria podr\u00e1 contactar con CIPF, si lo desea, de forma telef\u00f3nica y an\u00f3nima.<\/p>\n<p>Se informa a la persona usuaria que cualquier tratamiento de datos personales, quedar\u00e1 bajo el \u00e1mbito de aplicaci\u00f3n de la legislaci\u00f3n vigente en Espa\u00f1a en materia de protecci\u00f3n de datos.<\/p>\n<h6><strong>Responsable del tratamiento<\/strong><\/h6>\n<p>El responsable de los tratamientos de datos personales llevados a cabo a trav\u00e9s de este sitio web es la Fundaci\u00f3n de la Comunidad Valenciana Centro de Investigaci\u00f3n Pr\u00edncipe Felipe (en adelante CIPF) con C.I.F. G-46\/923421 y las siguientes direcciones y datos de contacto:<\/p>\n<p>Direcci\u00f3n postal: Calle de Eduardo Primo Y\u00fafera, n\u00famero 3, 46012, Valencia.<br \/>\nTel\u00e9fono: 963 28 96 80<br \/>\nDelegado de protecci\u00f3n de datos: <a href=\"mailto:privacy@cipf.es\">privacy@cipf.es<\/a><\/p>\n<p>Datos de menores de edad<\/p>\n<p>Los menores de 16 a\u00f1os no podr\u00e1n utilizar los servicios de CIPF ni comunicar sus datos a la citada entidad sin la representaci\u00f3n de su padre, madre, tutor o representante legal.<\/p>\n<h6><strong>Exactitud y veracidad de los datos de car\u00e1cter personal<\/strong><\/h6>\n<p>En caso en que la persona usuaria voluntariamente proporcione a CIPF sus datos personales, la persona usuaria acepta y est\u00e1 obligado a proporcionar datos veraces, exactos y actualizados siempre y \u00fanicamente correspondiente a su propia identidad, a trav\u00e9s de cualquier canal de recogida de datos publicado en este sitio web, tal como formularios, env\u00edo de un correo electr\u00f3nico, comunicaci\u00f3n postal y\/o mediante una llamada de tel\u00e9fono. En cualquier caso, queda prohibido proporcionar datos de terceros salvo que se cuente con el consentimiento de su parte autorizando el tratamiento de los datos.<\/p>\n<p>La persona usuaria es el \u00fanico responsable de la veracidad, exactitud, actualizaci\u00f3n y correcci\u00f3n de los datos que proporcione a CIPF, exoner\u00e1ndose CIPF de cualquier responsabilidad al respecto, comprometi\u00e9ndose la persona usuaria a mantener los datos personales debidamente actualizados.<\/p>\n<h6><strong>Tratamiento de categor\u00edas especiales de datos personales<\/strong><\/h6>\n<p>CIPF ni solicita ni requiere a trav\u00e9s de este sitio web informaci\u00f3n sobre categor\u00edas especiales de datos personales ni datos sensibles de las personas usuarias, entendi\u00e9ndose por estos, de acuerdo con la legislaci\u00f3n vigente, entre otros, datos relacionados con la raza o el origen \u00e9tnico, creencias religiosas, antecedentes penales, salud f\u00edsica o mental u orientaci\u00f3n sexual.<\/p>\n<p>En consecuencia, en caso en que por cualquier motivo \u2013 y sin haber sido solicitada por CIPF \u2013 dicha informaci\u00f3n sea comunicada voluntariamente por la persona usuaria a la citada entidad, dicha comunicaci\u00f3n supondr\u00e1 la existencia de una manifestaci\u00f3n de consentimiento expreso por la persona usuaria respecto del tratamiento de sus datos por CIPF.<\/p>\n<h6><strong>Fines y base jur\u00eddica del tratamiento de los datos personales<\/strong><\/h6>\n<p>A trav\u00e9s del sitio web se publican distintos medios mediante los cuales las personas usuarias pueden proporcionar sus datos personales a CIPF, entre otros, mediante el env\u00edo de un correo electr\u00f3nico a las direcciones publicadas en el sitio y\/o a trav\u00e9s de llamadas telef\u00f3nicas. Tambi\u00e9n es posible que el sitio presente a la persona usuaria formularios para su cumplimentaci\u00f3n en caso de requerir contacto con el CIPF.<\/p>\n<p>En todo caso, las personas usuarias quedan informadas de que los datos personales que se proporcionen al CIPF podr\u00e1n ser tratados con los siguientes fines y base jur\u00eddica.<\/p>\n<h6><strong>Contacto<\/strong><\/h6>\n<p>Cuando la persona usuaria cumplimente alg\u00fan formulario publicado en este sitio, con base jur\u00eddica en el consentimiento que el interesado expresamente otorgue mediante la cumplimentaci\u00f3n del formulario con sus datos y la aceptaci\u00f3n de la casilla correspondiente para el tratamiento, sus datos personales ser\u00e1n tratados por CIPF para atender la comunicaci\u00f3n y petici\u00f3n realizada por la persona usuaria.<\/p>\n<h6><strong>Env\u00edo de un correo electr\u00f3nico a las direcciones de contacto publicadas en el sitio<\/strong><\/h6>\n<p>Cuando la persona usuaria env\u00ede un correo electr\u00f3nico a las direcciones de contacto publicadas en el sitio, con base jur\u00eddica en el consentimiento que el interesado expresamente otorga al llevar a cabo el env\u00edo del correo electr\u00f3nico con sus datos personales, CIPF tratar\u00e1 dichos datos para atender la comunicaci\u00f3n y responderle.<\/p>\n<h6><strong>Tratamiento de datos con fines de publicidad<\/strong><\/h6>\n<p>La persona usuaria tambi\u00e9n puede solicitar a CIPF el env\u00edo de comunicaciones comerciales o suscribirse a los servicios de env\u00edo de dichas comunicaciones puestos a disposici\u00f3n de la persona usuaria por CIPF a trav\u00e9s de este sitio u otros medios (tal como formularios espec\u00edficos o de inscripci\u00f3n a eventos u otros).<\/p>\n<p>En tales casos, bien cuando la persona usuaria solicite este tipo de env\u00edos a trav\u00e9s de cualquier medio a CIPF, bien cuando cumplimenta cualquier formulario al efecto para suscribirse a servicios relacionados con el env\u00edo de comunicaciones comerciales publicitarias, con base jur\u00eddica en el consentimiento que el interesado expresamente otorgue marcando las casillas establecidas al efecto o cualquier otro m\u00e9todo establecido para ello, sus datos personales ser\u00e1n tratados por CIPF para llevar a cabo el env\u00edo de comunicaciones comerciales y publicitarias por correo electr\u00f3nico (a la\/s direcci\u00f3n\/es de correo electr\u00f3nico indicadas por la persona usuaria) sobre los servicios y actividades de CIPF. Dichas comunicaciones de naturaleza comercial sobre los servicios y actividades de CIPF podr\u00e1n consistir en informaci\u00f3n sobre casos o investigaciones de \u00e9xito, novedades del Centro, actividades del Centro, informaci\u00f3n e invitaci\u00f3n a eventos organizados o patrocinados el Centro, env\u00edo de art\u00edculos de investigaci\u00f3n, newsletters y otras informaciones similares.<\/p>\n<h6><strong>Cese de env\u00edo de comunicaciones comerciales<\/strong><\/h6>\n<p>En el caso en que una persona usuaria se oponga y\/o revoque su consentimiento a trav\u00e9s de alguno de los medios habilitados al efecto, a que CIPF le env\u00ede comunicaciones comerciales y publicitarias seg\u00fan lo descrito en el apartado anterior, en base al inter\u00e9s leg\u00edtimo de CIPF de garantizar los derechos de la persona usuaria y mantener una pol\u00edtica correcta de antispam, CIPF tratar\u00e1 sus datos personales de la persona usuaria para conservar los datos m\u00ednimos imprescindibles a efectos de no enviar comunicaciones comerciales publicitarias.<\/p>\n<p>La persona usuaria queda informada de que cualesquiera otras las finalidades de tratamiento de los datos de la persona usuaria recogidos a trav\u00e9s de cualquier medio a trav\u00e9s de este sitio web o los medios publicados en el mismo, ser\u00e1n explicadas mediante textos informativos publicados en los distintos medios y canales de recogida y cuando as\u00ed se requiera, seg\u00fan lo expuesto anteriormente, se le solicitar\u00e1 su consentimiento para el tratamiento.<\/p>\n<p>La informaci\u00f3n personal s\u00f3lo ser\u00e1 utilizada para prop\u00f3sitos limitados, tal como los expuestos anteriormente y\/o sin car\u00e1cter limitativo, aquellos que en su caso sean informados inequ\u00edvocamente de forma previa a la recogida y tratamiento a la persona usuaria.<\/p>\n<h6><strong>Inscripciones a cursos y eventos<\/strong><\/h6>\n<p>Cuando la persona usuaria cumplimente formularios de inscripci\u00f3n a cursos y eventos de cualquier naturaleza del CIPF as\u00ed como cuando con el mismo fin nos env\u00ede un correo electr\u00f3nico a las direcciones electr\u00f3nicas publicadas en este sitio habilitadas al efecto, los datos de la persona usuaria ser\u00e1n tratados para llevar a cabo la admisi\u00f3n de su solicitud, valoraci\u00f3n de la solicitud de acuerdo con los requisitos de acceso y tr\u00e1mite de inscripci\u00f3n en su caso.<\/p>\n<h6><strong>Env\u00edo del Curriculum Vitae<\/strong><\/h6>\n<p>Cuando la persona usuaria env\u00ede voluntariamente sus datos personales a las direcciones de correo electr\u00f3nico habilitadas en este sitio web, con base jur\u00eddica en el consentimiento que la persona usuaria ha manifestado al llevar a cabo el env\u00edo al CIPF de datos personales, CIPF tratar\u00e1 dichos datos para almacenarlos en su bolsa de empleo y para contactar con la persona usuaria en el marco de las ofertas de empleo, procesos de selecci\u00f3n y de reclutamiento de personal existentes en el CIPF o que en futuro pudieran surgir. En todo caso, el tratamiento de los datos personales comunicados por la persona usuaria en respuesta a las ofertas de empleo publicadas en este sitio, se regir\u00e1 con car\u00e1cter especial, por lo dispuesto en cada oferta.<\/p>\n<h6><strong>Recepci\u00f3n de denuncias<\/strong><\/h6>\n<p>Cuando la persona usuaria lleve a cabo una denuncia a trav\u00e9s del canal de denuncias del CIPF con base jur\u00eddica en el cumplimiento de obligaciones legales y, en su caso, en la relaci\u00f3n contractual laboral as\u00ed como, cuando corresponda en el inter\u00e9s p\u00fablico para la prevenci\u00f3n y denuncia de actos delictivos, los datos personales ser\u00e1n tratados con los siguientes fines:<\/p>\n<p>Decidir sobre la procedencia de iniciar o no una investigaci\u00f3n sobre los hechos denunciados, con el fin de prevenir, evitar o reaccionar frente a la comisi\u00f3n de acciones \u00e9ticamente reprochables, irregulares y\/o en \u00faltimo t\u00e9rmino, delictivas de acuerdo con lo establecido en el c\u00f3digo \u00e9tico del CIPF.<\/p>\n<p>En su caso, llevar a cabo la investigaci\u00f3n de los hechos denunciados.<\/p>\n<p>En caso en que la investigaci\u00f3n no proceda, el archivo de la denuncia.<\/p>\n<p>Dejar evidencia del funcionamiento del modelo de prevenci\u00f3n de la comisi\u00f3n de delitos.<\/p>\n<h6><strong>Destinatarios de los datos personales de la persona usuaria<\/strong><\/h6>\n<p>CIPF informa a la persona usuaria de que, salvo obligaci\u00f3n legal, no tiene prevista la realizaci\u00f3n de cesiones o comunicaciones de sus datos personales a terceros, por lo que, dicha comunicaci\u00f3n s\u00f3lo se producir\u00e1 en todo caso, en base al cumplimiento de las normas jur\u00eddicas aplicables, a las administraciones p\u00fablicas competentes por raz\u00f3n de la materia, en el caso en que CIPF est\u00e9 obligado a realizar dicha comunicaci\u00f3n.<\/p>\n<p>No obstante, en el caso en que se reciban denuncias a trav\u00e9s del canal de denuncias del CIPF con base jur\u00eddica en el cumplimiento de obligaciones legales y relaci\u00f3n contractual laboral y en su caso, cuando corresponda en el inter\u00e9s p\u00fablico para la prevenci\u00f3n y denuncia de actos delictivos, los datos personales recibidos a trav\u00e9s del citado canal podr\u00e1n ser comunicados a organizaciones o personas directamente relacionadas con el CIPF como el Oficial de Cumplimiento (Compliance Officer), Jueces y Tribunales, Ministerio Fiscal, Fuerzas y Cuerpos de Seguridad, abogados, procuradores, notarios, fedatarios p\u00fablicos y terceros de confianza, entidades certificadoras, peritos entidades aseguradoras, auditores, y administraciones p\u00fablicas con competencia en la materia.<\/p>\n<p>En todo caso, CIPF informa a la persona usuaria de que sus datos personales podr\u00e1n ser tratados por entidades que prestan a CIPF distintos servicios auxiliares, as\u00ed como tareas de soporte y administraci\u00f3n de sus sistemas, a trav\u00e9s de contratos de encargo del tratamiento y siempre siguiendo las instrucciones de CIPF, con las debidas garant\u00edas de confidencialidad y seguridad.<\/p>\n<h6><strong>Transferencias internacionales<\/strong><\/h6>\n<p>Salvo obligaci\u00f3n legal, los datos personales de la persona usuaria no ser\u00e1n objeto de transferencia internacional ni a pa\u00edses ni a organizaciones internacionales.<\/p>\n<h6><strong>Ejercicio de derechos de acceso, rectificaci\u00f3n, supresi\u00f3n, oposici\u00f3n, limitaci\u00f3n al tratamiento, portabilidad as\u00ed como a no ser objeto de decisiones basadas \u00fanicamente en el tratamiento automatizado de sus datos<\/strong><\/h6>\n<p>CIPF informa a la persona usuaria de la posibilidad de ejercitar sus derechos de acceso, rectificaci\u00f3n, supresi\u00f3n, oposici\u00f3n, limitaci\u00f3n al tratamiento, portabilidad, as\u00ed como a no ser objeto de decisiones basadas \u00fanicamente en el tratamiento automatizado de sus datos y, en su caso, retirada del consentimiento otorgado en relaci\u00f3n con los tratamientos indicados en esta Pol\u00edtica basados en el consentimiento (sin que ello afecte a la licitud del tratamiento basada en el consentimiento previo a su retirada), mediante env\u00edo de su solicitud escrita, indicando el derecho que ejercita a cualquiera de las siguientes direcciones:<\/p>\n<ul>\n<li><strong>Direcci\u00f3n postal<\/strong>: C\/ Eduardo Primo Y\u00fafera, n\u00famero 3, c\u00f3digo postal 46012, Valencia.<\/li>\n<li><strong>Electr\u00f3nica<\/strong>: <a href=\"mailto:privacy@cipf.es\">privacy@cipf.es<\/a><\/li>\n<\/ul>\n<p>Como se trata de derechos personal\u00edsimos, en caso en que sea necesario para acreditar la identidad de la persona usuaria, el CIPF podr\u00e1 solicitar la aportaci\u00f3n de una copia del DNI o documento v\u00e1lido en Derecho para su identificaci\u00f3n.<\/p>\n<p>Asimismo, se informa a la persona usuaria que tiene derecho a presentar una reclamaci\u00f3n ante la Agencia Espa\u00f1ola de Protecci\u00f3n de Datos (<a href=\"http:\/\/www.agpd.es\" target=\"_blank\" rel=\"noopener\">www.agpd.es<\/a>) y direcci\u00f3n postal en C\/ Jorge Juan, 6. 28001 \u2013 Madrid, y\/o tel\u00e9fono de contacto 912 663 517), as\u00ed como a solicitar su tutela en relaci\u00f3n con el ejercicio de sus derechos.<\/p>\n<p>Con car\u00e1cter previo a la presentaci\u00f3n de dicha reclamaci\u00f3n en Agencia Espa\u00f1ola de Protecci\u00f3n de Datos y de forma totalmente voluntaria, la persona usuaria puede dirigirse a CIPF a nuestro delegado de protecci\u00f3n de datos privacy@cipf.es<\/p>\n<h6><strong>Ejercicio de otros derechos en materia de comercio electr\u00f3nico y comunicaciones comerciales publicitarias<\/strong><\/h6>\n<p>CIPF informa a las personas usuarias que autoricen o\/y soliciten expresamente a CIPF para la realizaci\u00f3n de env\u00edos de comunicaciones comerciales y publicitarias por correo electr\u00f3nico, que tienen derecho a revocar en cualquier momento el consentimiento prestado a la recepci\u00f3n de comunicaciones comerciales con la simple notificaci\u00f3n de su voluntad al remitente y a oponerse al tratamiento de sus datos con fines promocionales mediante un procedimiento sencillo y gratuito.<\/p>\n<p>Para ello, la persona usuaria podr\u00e1 dirigir la revocaci\u00f3n del consentimiento u oposici\u00f3n a la recepci\u00f3n de dichas comunicaciones, mediante el env\u00edo de un correo electr\u00f3nico a la direcci\u00f3n privacy@cipf.es<\/p>\n<p>CIPF atender\u00e1 su petici\u00f3n conservando los m\u00ednimos datos imprescindibles para adoptar las medidas necesarias que eviten el env\u00edo de dichas comunicaciones comerciales.<\/p>\n<p><strong>Plazo de conservaci\u00f3n de los datos<\/strong><\/p>\n<p>CIPF conservar\u00e1 los datos de la persona usuaria mientras se mantenga la finalidad y base leg\u00edtima del tratamiento y la persona usuaria no solicite la supresi\u00f3n de los mismos, as\u00ed como durante los plazos establecidos en las normas vigentes para el cumplimiento de obligaciones legales y atenci\u00f3n de posibles responsabilidades.<\/p>\n<p><strong>S\u00edguenos en redes sociales<\/strong><\/p>\n<p>Las redes sociales son servicios prestados por terceros proveedores que permiten a la persona usuaria participar en una comunidad virtual con otras personas usuarias a trav\u00e9s de la cual puede generar su propio perfil p\u00fablico donde crear y compartir contenidos, informaciones y datos personales con otras personas usuarias de la red. En una red social se pueden crear y compartir p\u00e1ginas, cuentas o perfiles con fines personales y\/o comerciales. El funcionamiento de la red social se regula en primer t\u00e9rmino, por las condiciones establecidas por el titular y\/o proveedor de la red y, en segundo t\u00e9rmino, cuando se trata de p\u00e1ginas, cuentas o perfiles con fines comerciales, por los t\u00e9rminos y condiciones establecidos por el responsable del perfil o cuenta comercial que en su caso ser\u00e1 adem\u00e1s responsable del tratamiento de los datos de \u00e9stas.<\/p>\n<p>CIPF tiene perfiles en algunas redes sociales tal como, sin car\u00e1cter limitativo Facebook, Twitter y You Tube. La persona usuaria puede seguirnos en las p\u00e1ginas fan de CIPF, en las p\u00e1ginas oficiales mencionadas y en las distintas redes sociales donde CIPF tenga presencia.<\/p>\n<p>La persona usuaria queda informada de que el tratamiento de los datos que se realice a trav\u00e9s de las p\u00e1ginas, perfiles o cuentas de CIPF en redes sociales se regir\u00e1 por las correspondientes pol\u00edticas y condiciones tanto de la p\u00e1gina oficial como del proveedor y titular de cada red social en su caso.<\/p>\n<p><strong>Datos personales publicados en este sitio<\/strong><\/p>\n<p>En relaci\u00f3n con los datos personales que puedan publicarse en este sitio de CIPF se pone en conocimiento de la persona usuaria que dichos datos forman parte de una o varias actividades de tratamiento de datos responsabilidad de CIPF en el que han sido incorporados con el previo consentimiento informado de los interesados u otras bases jur\u00eddicas l\u00edcitas con fines espec\u00edficos e inequ\u00edvocos como transparencia y no pueden ser libremente tratados y reproducidos por la persona usuaria u otros terceros usuarios -ni a\u00fan siquiera cuando se haga referencia al origen de los mismos- salvo que se obtenga la previa autorizaci\u00f3n y consentimiento informado del propio interesado y\/o el tratamiento se ampare en otra base jur\u00eddica l\u00edcita.<\/p>\n<p>Por tanto, todos los datos personales \u2013 incluidas las im\u00e1genes, videos, textos, datos de contacto, datos identificativos, datos curriculares, datos acad\u00e9micos y cualquier otra informaci\u00f3n que se publica en nuestro sitio web sobre personas identificadas y\/o identificables \u2013 s\u00f3lo podr\u00e1n ser utilizados por la persona usuaria con el fin de participar y disfrutar de nuestro sitio web en la forma establecida en la presente pol\u00edtica, o en su caso condiciones generales y particulares que regulen un determinado servicio, y en el marco de la legalidad vigente, quedando expresamente prohibido cualesquiera otros usos distintos a los se\u00f1alados, incluida la incorporaci\u00f3n de las im\u00e1genes o los datos a ficheros o tratamientos y\/o creaci\u00f3n de bases de datos de personas y\/o env\u00edo de publicidad o cesi\u00f3n a terceros, sin el previo consentimiento informado del interesado titular de las informaciones y datos, no siendo responsable CIPF de los usos que la persona usuaria u otras terceras personas usuarias de nuestro sitio web efect\u00faen contraviniendo lo establecido en estas condiciones y otras que los regulen.<\/p>\n<p>En ning\u00fan momento la persona usuaria debe considerar que este sitio web de CIPF es una fuente accesible al p\u00fablico de la cual se pueda hacer una libre disposici\u00f3n de los datos personales, informaciones y contenidos publicados a trav\u00e9s del mismo.<\/p>\n<p><strong>Medidas de seguridad<\/strong><\/p>\n<p>CIPF informa a la persona usuaria de que tratar\u00e1 los datos personales que recoja a trav\u00e9s de este sitio web, de forma segura, aplicando las medidas t\u00e9cnicas y organizativas apropiadas para garantizar un nivel de seguridad adecuado al riesgo, teniendo en cuenta el estado de la t\u00e9cnica, los costes de aplicaci\u00f3n, y la naturaleza, el alcance, el contexto y los fines del tratamiento, as\u00ed como riesgos de probabilidad y gravedad variables para los derechos y libertades de las personas usuarias.<\/p>\n<p>En l\u00ednea con lo anterior, CIPF aplicar\u00e1 las medidas de \u00edndole t\u00e9cnica y organizativas necesarias para garantizar la seguridad de los datos de car\u00e1cter personal y evitar la alteraci\u00f3n, p\u00e9rdida, tratamiento o acceso no autorizado, habida cuenta del estado de la tecnolog\u00eda, la naturaleza de los datos almacenados y los riesgos a que est\u00e1n expuestos, ya provengan de la acci\u00f3n humana o del medio f\u00edsico o natural garantizando su integridad, confidencialidad, disponibilidad y seguridad. Igualmente, CIPF garantiza al Usuario el cumplimiento del deber de secreto profesional respecto de los datos personales de las personas usuarias y del deber de guardarlos.<\/p>\n<h6><strong>Uso de cookies y dispositivos de almacenamiento y recuperaci\u00f3n de datos en equipos terminales de las personas usuarias<\/strong><\/h6>\n<p>CIPF utiliza cookies y dispositivos de almacenamiento y recuperaci\u00f3n de datos en equipos terminales de la persona usuaria cuando la persona usuaria navega por este sitio web.<\/p>\n<p>Tales cookies y dispositivos de almacenamiento y recuperaci\u00f3n de datos son usadas por CIPF bajo las condiciones y con las finalidades descritas en su <a href=\"https:\/\/www.cipf.es\/es\/cookies-policy-2?lang=es\" target=\"_blank\" rel=\"noopener\">Pol\u00edtica de Cookies<\/a>.<\/p>\n<h6><strong>Actualizaci\u00f3n de las pol\u00edticas<\/strong><\/h6>\n<p>Sin perjuicio de la aplicaci\u00f3n preferente de los textos legales espec\u00edficos al efecto tal como textos informativos insertos en formularios de recogida de datos, as\u00ed como en su caso en las condiciones de servicios particulares, peri\u00f3dicamente CIPF actualizar\u00e1 esta Pol\u00edtica de Privacidad.<\/p>\n<p>Ser\u00e1 responsabilidad de la persona usuaria acceder peri\u00f3dicamente a la <a href=\"https:\/\/www.cipf.es\/es\/politica-de-privacidad\/\" target=\"_blank\" rel=\"noopener\">Pol\u00edtica de Privacidad<\/a> de CIPF publicada en este sitio web, a fin de conocer en todo momento la \u00faltima versi\u00f3n.<\/p>\n<h6><strong>Informaci\u00f3n de contacto<\/strong><\/h6>\n<p>Para cualquier consulta sobre la presente Pol\u00edtica de Privacidad, la persona usuaria podr\u00e1 dirigirse a CIPF por medio electr\u00f3nico a trav\u00e9s de la siguiente direcci\u00f3n de correo electr\u00f3nico <a href=\"mailto:privacy@cipf.es\">privacy@cipf.es<\/a><\/p>\n","protected":false},"excerpt":{"rendered":"<p>Objeto de la Pol\u00edtica de Privacidad En cumplimiento de la legislaci\u00f3n vigente en materia de protecci\u00f3n de datos de car\u00e1cter personal, es objeto de esta pol\u00edtica poner en conocimiento de las personas usuarias de este sitio web www.cipf.es (en adelante sitio web o sitio), la pol\u00edtica respecto del tratamiento y protecci\u00f3n de los datos de &hellip; <a href=\"https:\/\/www.cipf.es\/es\/politica-de-privacidad\/\">Ver m\u00e1s<\/a><\/p>\n","protected":false},"author":1,"featured_media":0,"parent":0,"menu_order":60,"comment_status":"closed","ping_status":"closed","template":"","meta":{"_acf_changed":false,"inline_featured_image":false,"footnotes":""},"class_list":["post-1786","page","type-page","status-publish","hentry"],"acf":[],"_links":{"self":[{"href":"https:\/\/www.cipf.es\/es\/wp-json\/wp\/v2\/pages\/1786","targetHints":{"allow":["GET"]}}],"collection":[{"href":"https:\/\/www.cipf.es\/es\/wp-json\/wp\/v2\/pages"}],"about":[{"href":"https:\/\/www.cipf.es\/es\/wp-json\/wp\/v2\/types\/page"}],"author":[{"embeddable":true,"href":"https:\/\/www.cipf.es\/es\/wp-json\/wp\/v2\/users\/1"}],"replies":[{"embeddable":true,"href":"https:\/\/www.cipf.es\/es\/wp-json\/wp\/v2\/comments?post=1786"}],"version-history":[{"count":3,"href":"https:\/\/www.cipf.es\/es\/wp-json\/wp\/v2\/pages\/1786\/revisions"}],"predecessor-version":[{"id":3245,"href":"https:\/\/www.cipf.es\/es\/wp-json\/wp\/v2\/pages\/1786\/revisions\/3245"}],"wp:attachment":[{"href":"https:\/\/www.cipf.es\/es\/wp-json\/wp\/v2\/media?parent=1786"}],"curies":[{"name":"wp","href":"https:\/\/api.w.org\/{rel}","templated":true}]}}