{"id":1787,"date":"2024-11-05T10:35:22","date_gmt":"2024-11-05T09:35:22","guid":{"rendered":"https:\/\/www.cipf.es\/legal-advice\/"},"modified":"2025-11-03T20:25:06","modified_gmt":"2025-11-03T19:25:06","slug":"aviso-legal","status":"publish","type":"page","link":"https:\/\/www.cipf.es\/es\/aviso-legal\/","title":{"rendered":"Aviso legal"},"content":{"rendered":"<p>El titular de este sitio web y prestador de servicios de la sociedad de la informaci\u00f3n es la Fundaci\u00f3n de la Comunidad Valenciana Centro de Investigaci\u00f3n Pr\u00edncipe Felipe (en adelante CIPF), Fundaci\u00f3n sin \u00e1nimo de lucro con C.I.F. G-46\/923421, cuyo domicilio est\u00e1 ubicado en C\/ de Eduardo Primo Y\u00fafera, n\u00famero 3, 46012 Valencia inscrita en el Registro de Fundaciones con N\u00fam. de Inscripci\u00f3n Reg. 91-V-f\/s.<\/p>\n<p>Esta informaci\u00f3n legal se completa con la <a href=\"https:\/\/www.cipf.es\/es\/terminos-de-uso\/\" target=\"_blank\" rel=\"noopener\"><strong>pol\u00edtica de uso<\/strong><\/a>, <a href=\"https:\/\/www.cipf.es\/es\/politica-de-privacidad\/\" target=\"_blank\" rel=\"noopener\"><strong>pol\u00edtica de privacidad<\/strong><\/a> y <a href=\"https:\/\/www.cipf.es\/es\/politica-de-cookies\/\" target=\"_blank\" rel=\"noopener\"><strong>pol\u00edtica de cookies<\/strong><\/a> publicada en este sitio. Para cualquier consulta o contacto con el Centro, los usuarios podr\u00e1n comunicarse a trav\u00e9s de este correo <a href=\"mailto:privacy@cipf.es\"><strong>privacy@cipf.es<\/strong><\/a> y\/o a trav\u00e9s de comunicaci\u00f3n telef\u00f3nica 963 28 96 80.<\/p>\n","protected":false},"excerpt":{"rendered":"<p>El titular de este sitio web y prestador de servicios de la sociedad de la informaci\u00f3n es la Fundaci\u00f3n de la Comunidad Valenciana Centro de Investigaci\u00f3n Pr\u00edncipe Felipe (en adelante CIPF), Fundaci\u00f3n sin \u00e1nimo de lucro con C.I.F. G-46\/923421, cuyo domicilio est\u00e1 ubicado en C\/ de Eduardo Primo Y\u00fafera, n\u00famero 3, 46012 Valencia inscrita en &hellip; <a href=\"https:\/\/www.cipf.es\/es\/aviso-legal\/\">Ver m\u00e1s<\/a><\/p>\n","protected":false},"author":1,"featured_media":0,"parent":0,"menu_order":62,"comment_status":"closed","ping_status":"closed","template":"","meta":{"_acf_changed":false,"inline_featured_image":false,"footnotes":""},"class_list":["post-1787","page","type-page","status-publish","hentry"],"acf":[],"_links":{"self":[{"href":"https:\/\/www.cipf.es\/es\/wp-json\/wp\/v2\/pages\/1787","targetHints":{"allow":["GET"]}}],"collection":[{"href":"https:\/\/www.cipf.es\/es\/wp-json\/wp\/v2\/pages"}],"about":[{"href":"https:\/\/www.cipf.es\/es\/wp-json\/wp\/v2\/types\/page"}],"author":[{"embeddable":true,"href":"https:\/\/www.cipf.es\/es\/wp-json\/wp\/v2\/users\/1"}],"replies":[{"embeddable":true,"href":"https:\/\/www.cipf.es\/es\/wp-json\/wp\/v2\/comments?post=1787"}],"version-history":[{"count":4,"href":"https:\/\/www.cipf.es\/es\/wp-json\/wp\/v2\/pages\/1787\/revisions"}],"predecessor-version":[{"id":3262,"href":"https:\/\/www.cipf.es\/es\/wp-json\/wp\/v2\/pages\/1787\/revisions\/3262"}],"wp:attachment":[{"href":"https:\/\/www.cipf.es\/es\/wp-json\/wp\/v2\/media?parent=1787"}],"curies":[{"name":"wp","href":"https:\/\/api.w.org\/{rel}","templated":true}]}}